{"id":50702,"date":"2022-03-09T08:09:40","date_gmt":"2022-03-09T18:09:40","guid":{"rendered":"https:\/\/bounty-lodge.com\/review\/"},"modified":"2023-02-07T18:27:19","modified_gmt":"2023-02-08T04:27:19","slug":"review","status":"publish","type":"page","link":"https:\/\/bounty-lodge.com\/es\/review\/","title":{"rendered":"Escribir una rese\u00f1a sobre mi estad\u00eda en el Bounty Lodge."},"content":{"rendered":"\t\t<div data-elementor-type=\"wp-page\" data-elementor-id=\"50702\" class=\"elementor elementor-50702 elementor-29319\">\n\t\t\t\t\t\t<section class=\"elementor-section elementor-top-section elementor-element elementor-element-17188699 elementor-section-boxed elementor-section-height-default elementor-section-height-default\" data-id=\"17188699\" data-element_type=\"section\" data-e-type=\"section\" data-settings=\"{&quot;background_background&quot;:&quot;classic&quot;,&quot;hoteller_ext_is_background_parallax&quot;:&quot;false&quot;,&quot;hoteller_ext_is_background_on_scroll&quot;:&quot;false&quot;}\">\n\t\t\t\t\t\t<div class=\"elementor-container elementor-column-gap-default\">\n\t\t\t\t\t<div class=\"elementor-column elementor-col-100 elementor-top-column elementor-element elementor-element-19331044\" data-id=\"19331044\" data-element_type=\"column\" data-e-type=\"column\" data-settings=\"{&quot;hoteller_ext_link_sidemenu&quot;:&quot;false&quot;,&quot;hoteller_ext_link_fullmenu&quot;:&quot;false&quot;,&quot;hoteller_ext_link_closed_fullmenu&quot;:&quot;false&quot;,&quot;hoteller_ext_is_scrollme&quot;:&quot;false&quot;,&quot;hoteller_ext_is_smoove&quot;:&quot;false&quot;,&quot;hoteller_ext_is_parallax_mouse&quot;:&quot;false&quot;,&quot;hoteller_ext_is_infinite&quot;:&quot;false&quot;,&quot;hoteller_ext_is_fadeout_animation&quot;:&quot;false&quot;,&quot;hoteller_ext_mobile_static&quot;:&quot;false&quot;}\">\n\t\t\t<div class=\"elementor-widget-wrap elementor-element-populated\">\n\t\t\t\t\t\t<div class=\"elementor-element elementor-element-6a7c4916 elementor-widget elementor-widget-heading\" data-id=\"6a7c4916\" data-element_type=\"widget\" data-e-type=\"widget\" data-settings=\"{&quot;hoteller_ext_link_sidemenu&quot;:&quot;false&quot;,&quot;hoteller_ext_link_fullmenu&quot;:&quot;false&quot;,&quot;hoteller_ext_link_closed_fullmenu&quot;:&quot;false&quot;,&quot;hoteller_ext_is_scrollme&quot;:&quot;false&quot;,&quot;hoteller_ext_is_smoove&quot;:&quot;false&quot;,&quot;hoteller_ext_is_parallax_mouse&quot;:&quot;false&quot;,&quot;hoteller_ext_is_infinite&quot;:&quot;false&quot;,&quot;hoteller_ext_is_fadeout_animation&quot;:&quot;false&quot;,&quot;hoteller_ext_mobile_static&quot;:&quot;false&quot;}\" data-widget_type=\"heading.default\">\n\t\t\t\t<div class=\"elementor-widget-container\">\n\t\t\t\t\t<h1 class=\"elementor-heading-title elementor-size-default\">Escribir una rese\u00f1a sobre mi estad\u00eda en el Bounty Lodge.<\/h1>\t\t\t\t<\/div>\n\t\t\t\t<\/div>\n\t\t\t\t\t<\/div>\n\t\t<\/div>\n\t\t\t\t\t<\/div>\n\t\t<\/section>\n\t\t\t\t<section class=\"elementor-section elementor-top-section elementor-element elementor-element-485aec1 elementor-section-boxed elementor-section-height-default elementor-section-height-default\" data-id=\"485aec1\" data-element_type=\"section\" data-e-type=\"section\" data-settings=\"{&quot;hoteller_ext_is_background_parallax&quot;:&quot;false&quot;,&quot;hoteller_ext_is_background_on_scroll&quot;:&quot;false&quot;}\">\n\t\t\t\t\t\t<div class=\"elementor-container elementor-column-gap-default\">\n\t\t\t\t\t<div class=\"elementor-column elementor-col-33 elementor-top-column elementor-element elementor-element-662818c\" data-id=\"662818c\" data-element_type=\"column\" data-e-type=\"column\" data-settings=\"{&quot;hoteller_ext_link_sidemenu&quot;:&quot;false&quot;,&quot;hoteller_ext_link_fullmenu&quot;:&quot;false&quot;,&quot;hoteller_ext_link_closed_fullmenu&quot;:&quot;false&quot;,&quot;hoteller_ext_is_scrollme&quot;:&quot;false&quot;,&quot;hoteller_ext_is_smoove&quot;:&quot;false&quot;,&quot;hoteller_ext_is_parallax_mouse&quot;:&quot;false&quot;,&quot;hoteller_ext_is_infinite&quot;:&quot;false&quot;,&quot;hoteller_ext_is_fadeout_animation&quot;:&quot;false&quot;,&quot;hoteller_ext_mobile_static&quot;:&quot;false&quot;}\">\n\t\t\t<div class=\"elementor-widget-wrap\">\n\t\t\t\t\t\t\t<\/div>\n\t\t<\/div>\n\t\t\t\t<div class=\"elementor-column elementor-col-33 elementor-top-column elementor-element elementor-element-21b1f66\" data-id=\"21b1f66\" data-element_type=\"column\" data-e-type=\"column\" data-settings=\"{&quot;hoteller_ext_link_sidemenu&quot;:&quot;false&quot;,&quot;hoteller_ext_link_fullmenu&quot;:&quot;false&quot;,&quot;hoteller_ext_link_closed_fullmenu&quot;:&quot;false&quot;,&quot;hoteller_ext_is_scrollme&quot;:&quot;false&quot;,&quot;hoteller_ext_is_smoove&quot;:&quot;false&quot;,&quot;hoteller_ext_is_parallax_mouse&quot;:&quot;false&quot;,&quot;hoteller_ext_is_infinite&quot;:&quot;false&quot;,&quot;hoteller_ext_is_fadeout_animation&quot;:&quot;false&quot;,&quot;hoteller_ext_mobile_static&quot;:&quot;false&quot;}\">\n\t\t\t<div class=\"elementor-widget-wrap elementor-element-populated\">\n\t\t\t\t\t\t<div class=\"elementor-element elementor-element-662a6529 elementor-widget elementor-widget-shortcode\" data-id=\"662a6529\" data-element_type=\"widget\" data-e-type=\"widget\" data-settings=\"{&quot;hoteller_ext_link_sidemenu&quot;:&quot;false&quot;,&quot;hoteller_ext_link_fullmenu&quot;:&quot;false&quot;,&quot;hoteller_ext_link_closed_fullmenu&quot;:&quot;false&quot;,&quot;hoteller_ext_is_scrollme&quot;:&quot;false&quot;,&quot;hoteller_ext_is_smoove&quot;:&quot;false&quot;,&quot;hoteller_ext_is_parallax_mouse&quot;:&quot;false&quot;,&quot;hoteller_ext_is_infinite&quot;:&quot;false&quot;,&quot;hoteller_ext_is_fadeout_animation&quot;:&quot;false&quot;,&quot;hoteller_ext_mobile_static&quot;:&quot;false&quot;}\" data-widget_type=\"shortcode.default\">\n\t\t\t\t<div class=\"elementor-widget-container\">\n\t\t\t\t\t\t\t<div class=\"elementor-shortcode\"><style>#testimonial_form_50696.sp-tpro-fronted-form .sp-tpro-form-field label{\n\t\t\t\tfont-size: 16px;\n\t\t\t\tcolor: #444444;\n\t\t\t}\n\t\t\t#testimonial_form_50696.sp-tpro-fronted-form #tpro_modal_btn {\n\t\t\t\tcolor: #005BDF;\n\t\t\t\tbackground: rgba(0, 91, 223, 0.12);\n\t\t\t}\n\t\t\t#testimonial_form_50696.sp-tpro-fronted-form  #tpro_modal_btn:hover{\n\t\t\t\tcolor: #005BDF;\n\t\t\t\tbackground: rgba(0, 91, 223, 0.18);\n\t\t\t}\n\t\t\t#testimonial_form_50696.sp-tpro-fronted-form .sp-tpro-form-submit-button input[type='submit']{\n\t\t\t\tcolor: #ffffff;\n\t\t\t\tbackground: #0296ec;\n\t\t\t\tpadding: 15px 25px;\n\t\t\t\ttext-transform: uppercase;\n\t\t\t\tfont-size: 14px;\n\t\t\t\ttransition: all 0.25s;\n\t\t\t\ttext-decoration: none;\n\t\t\t\tline-height: 1;\n\t\t\t\tborder-radius: 4px;\n\t\t\t\tmargin-top: 6px;\n\t\t\t}\n\t\t\t#testimonial_form_50696.sp-tpro-fronted-form .sp-tpro-form-submit-button input[type='submit']:hover{\n\t\t\t\tcolor: #ffffff;\n\t\t\t\tbackground: #0081cc;\n\n\t\t\t}\n\t\t\t#testimonial_form_50696.sp-tpro-fronted-form .sp-tpro-client-rating:not(:checked)>label{\n\t\t\t\tcolor: #d4d4d4;\n\t\t\t}\n\t\t\t#testimonial_form_50696.sp-tpro-fronted-form .sp-tpro-client-rating>input:checked~label {\n\t\t\t\tcolor: #f3bb00;\n\t\t\t}\n\t\t\t#testimonial_form_50696.sp-tpro-fronted-form .sp-tpro-client-rating:not(:checked)>label:hover,\n\t\t\t#testimonial_form_50696.sp-tpro-fronted-form .sp-tpro-client-rating:not(:checked)>label:hover~label {\n\t\t\t\tcolor: #de7202;\n\t\t\t}<\/style><div id=\"testimonial_form_50696\" class=\"sp-tpro-fronted-form\">\n\t<form id=\"testimonial_form\" name=\"testimonial_form\" method=\"post\" action=\"\" enctype=\"multipart\/form-data\">\n\t\t<div class=\"sp-tpro-form-field\">\n\t\t<label for=\"tpro_client_name50696\">Nombre completo<\/label><br>\n\t\t<input type=\"text\" id=\"tpro_client_name50696\" name=\"tpro_client_name\" required placeholder=\"\u00bfCu\u00e1l es tu nombre completo?\" \/>\n<\/div>\n<div class=\"sp-tpro-form-field\">\n\t\t\t\t<label for=\"tpro_client_email50696\">Direcci\u00f3n de correo electr\u00f3nico<\/label><br>\n\t\t\t\t<input type=\"email\" name=\"tpro_client_email\" id=\"tpro_client_email50696\" required placeholder=\"\u00bfCu\u00e1l es tu direcci\u00f3n de correo electr\u00f3nico?\" \/>\n<\/div>\n<div class=\"sp-tpro-form-field\">\n\t\t\t<label for=\"tpro_testimonial_title50696\">T\u00edtulo del testimonio <\/label><br>\n\t\t\t\t<input type=\"text\" name=\"tpro_testimonial_title\" id=\"tpro_testimonial_title50696\"  placeholder=\"Un titular para su testimonio.\" \/>\n<\/div>\n<div class=\"sp-tpro-form-field\">\n\t\t<label for=\"tpro_client_testimonial50696\">Testimonio<\/label><br>\n\t\t<textarea rows=\"7\" type=\"text\" name=\"tpro_client_testimonial\" id=\"tpro_client_testimonial50696\" required placeholder=\"\u00bfQu\u00e9 opinas de nosotros?\"><\/textarea>\n<\/div>\n\t<div class=\"sp-tpro-form-field\">\n\t\t<label for=\"tpro_client_image50696\">Foto<\/label><br>\n\t\t<input type=\"file\" name=\"tpro_client_image\" id=\"tpro_client_image50696\"  accept=\"image\/jpeg,image\/jpg,image\/png,\" \/>\n<\/div>\n\t<div class=\"sp-tpro-form-field\">\n\n<label for=\"tpro_client_rating\">Clasificaci\u00f3n<\/label><br>\n<div class=\"sp-tpro-client-rating\">\n\t<input type=\"radio\" name=\"tpro_client_rating\" id=\"_tpro_rating_550696\" value=\"five_star\">\n\t<label for=\"_tpro_rating_550696\" title=\"Five Stars\"><i class=\"fa fa-star\"><\/i><\/label>\n\n\t<input type=\"radio\" name=\"tpro_client_rating\" id=\"_tpro_rating_450696\" value=\"four_star\">\n\t<label for=\"_tpro_rating_450696\" title=\"Four Stars\"><i class=\"fa fa-star\"><\/i><\/label>\n\n\t<input type=\"radio\" name=\"tpro_client_rating\" id=\"_tpro_rating_350696\" value=\"three_star\">\n\t<label for=\"_tpro_rating_350696\" title=\"Three Stars\"><i class=\"fa fa-star\"><\/i><\/label>\n\n\t<input type=\"radio\" name=\"tpro_client_rating\" id=\"_tpro_rating_250696\" value=\"two_star\">\n\t<label for=\"_tpro_rating_250696\" title=\"Two Star\"><i class=\"fa fa-star\"><\/i><\/label>\n\n\t<input type=\"radio\" name=\"tpro_client_rating\" id=\"_tpro_rating_150696\" value=\"one_star\">\n\t<label for=\"_tpro_rating_150696\" title=\"One Star\"><i class=\"fa fa-star\"><\/i><\/label>\n<\/div><br>\n<\/div>\n<div class=\"sp-tpro-form-submit-button\">\n\t\t\t<input type=\"hidden\" id=\"testimonial_form_nonce\" name=\"testimonial_form_nonce\" value=\"fe02bedaee\" \/><input type=\"hidden\" name=\"_wp_http_referer\" value=\"\/es\/wp-json\/wp\/v2\/pages\/50702\" \/>\t<input type=\"hidden\" id=\"token\" name=\"token\">\n\t\t\t\t\t\t<input type=\"submit\" value=\"Enviar testimonio\" id=\"submit\" name=\"submit\" \/>\n\t<input type=\"hidden\" name=\"action\" value=\"testimonial_form50696\" \/>\n<\/div>\n\n\t\t<script>\n\n\t\t<\/script>\n\t<\/form>\n<\/div>\n<\/div>\n\t\t\t\t\t\t<\/div>\n\t\t\t\t<\/div>\n\t\t\t\t\t<\/div>\n\t\t<\/div>\n\t\t\t\t<div class=\"elementor-column elementor-col-33 elementor-top-column elementor-element elementor-element-1eafac7\" data-id=\"1eafac7\" data-element_type=\"column\" data-e-type=\"column\" data-settings=\"{&quot;hoteller_ext_link_sidemenu&quot;:&quot;false&quot;,&quot;hoteller_ext_link_fullmenu&quot;:&quot;false&quot;,&quot;hoteller_ext_link_closed_fullmenu&quot;:&quot;false&quot;,&quot;hoteller_ext_is_scrollme&quot;:&quot;false&quot;,&quot;hoteller_ext_is_smoove&quot;:&quot;false&quot;,&quot;hoteller_ext_is_parallax_mouse&quot;:&quot;false&quot;,&quot;hoteller_ext_is_infinite&quot;:&quot;false&quot;,&quot;hoteller_ext_is_fadeout_animation&quot;:&quot;false&quot;,&quot;hoteller_ext_mobile_static&quot;:&quot;false&quot;}\">\n\t\t\t<div class=\"elementor-widget-wrap\">\n\t\t\t\t\t\t\t<\/div>\n\t\t<\/div>\n\t\t\t\t\t<\/div>\n\t\t<\/section>\n\t\t\t\t<section class=\"elementor-section elementor-top-section elementor-element elementor-element-625090cd elementor-section-boxed elementor-section-height-default elementor-section-height-default\" data-id=\"625090cd\" data-element_type=\"section\" data-e-type=\"section\" data-settings=\"{&quot;background_background&quot;:&quot;classic&quot;,&quot;hoteller_ext_is_background_parallax&quot;:&quot;false&quot;,&quot;hoteller_ext_is_background_on_scroll&quot;:&quot;false&quot;}\">\n\t\t\t\t\t\t<div class=\"elementor-container elementor-column-gap-default\">\n\t\t\t\t\t<div class=\"elementor-column elementor-col-100 elementor-top-column elementor-element elementor-element-1bfac6f3\" data-id=\"1bfac6f3\" data-element_type=\"column\" data-e-type=\"column\" data-settings=\"{&quot;hoteller_ext_link_sidemenu&quot;:&quot;false&quot;,&quot;hoteller_ext_link_fullmenu&quot;:&quot;false&quot;,&quot;hoteller_ext_link_closed_fullmenu&quot;:&quot;false&quot;,&quot;hoteller_ext_is_scrollme&quot;:&quot;false&quot;,&quot;hoteller_ext_is_smoove&quot;:&quot;false&quot;,&quot;hoteller_ext_is_parallax_mouse&quot;:&quot;false&quot;,&quot;hoteller_ext_is_infinite&quot;:&quot;false&quot;,&quot;hoteller_ext_is_fadeout_animation&quot;:&quot;false&quot;,&quot;hoteller_ext_mobile_static&quot;:&quot;false&quot;}\">\n\t\t\t<div class=\"elementor-widget-wrap elementor-element-populated\">\n\t\t\t\t\t\t<div class=\"elementor-element elementor-element-42547181 elementor-widget elementor-widget-heading\" data-id=\"42547181\" data-element_type=\"widget\" data-e-type=\"widget\" data-settings=\"{&quot;hoteller_ext_link_sidemenu&quot;:&quot;false&quot;,&quot;hoteller_ext_link_fullmenu&quot;:&quot;false&quot;,&quot;hoteller_ext_link_closed_fullmenu&quot;:&quot;false&quot;,&quot;hoteller_ext_is_scrollme&quot;:&quot;false&quot;,&quot;hoteller_ext_is_smoove&quot;:&quot;false&quot;,&quot;hoteller_ext_is_parallax_mouse&quot;:&quot;false&quot;,&quot;hoteller_ext_is_infinite&quot;:&quot;false&quot;,&quot;hoteller_ext_is_fadeout_animation&quot;:&quot;false&quot;,&quot;hoteller_ext_mobile_static&quot;:&quot;false&quot;}\" data-widget_type=\"heading.default\">\n\t\t\t\t<div class=\"elementor-widget-container\">\n\t\t\t\t\t<h2 class=\"elementor-heading-title elementor-size-default\">Lo que dicen nuestros hu\u00e9spedes<\/h2>\t\t\t\t<\/div>\n\t\t\t\t<\/div>\n\t\t\t\t\t<\/div>\n\t\t<\/div>\n\t\t\t\t\t<\/div>\n\t\t<\/section>\n\t\t\t\t<section class=\"elementor-section elementor-top-section elementor-element elementor-element-59b26c4e elementor-section-boxed elementor-section-height-default elementor-section-height-default\" data-id=\"59b26c4e\" data-element_type=\"section\" data-e-type=\"section\" data-settings=\"{&quot;background_background&quot;:&quot;classic&quot;,&quot;hoteller_ext_is_background_parallax&quot;:&quot;false&quot;,&quot;hoteller_ext_is_background_on_scroll&quot;:&quot;false&quot;}\">\n\t\t\t\t\t\t<div class=\"elementor-container elementor-column-gap-default\">\n\t\t\t\t\t<div class=\"elementor-column elementor-col-100 elementor-top-column elementor-element elementor-element-50681337\" data-id=\"50681337\" data-element_type=\"column\" data-e-type=\"column\" data-settings=\"{&quot;hoteller_ext_link_sidemenu&quot;:&quot;false&quot;,&quot;hoteller_ext_link_fullmenu&quot;:&quot;false&quot;,&quot;hoteller_ext_link_closed_fullmenu&quot;:&quot;false&quot;,&quot;hoteller_ext_is_scrollme&quot;:&quot;false&quot;,&quot;hoteller_ext_is_smoove&quot;:&quot;false&quot;,&quot;hoteller_ext_is_parallax_mouse&quot;:&quot;false&quot;,&quot;hoteller_ext_is_infinite&quot;:&quot;false&quot;,&quot;hoteller_ext_is_fadeout_animation&quot;:&quot;false&quot;,&quot;hoteller_ext_mobile_static&quot;:&quot;false&quot;}\">\n\t\t\t<div class=\"elementor-widget-wrap elementor-element-populated\">\n\t\t\t\t\t\t<div class=\"elementor-element elementor-element-1eab6fc elementor-widget elementor-widget-shortcode\" data-id=\"1eab6fc\" data-element_type=\"widget\" data-e-type=\"widget\" data-settings=\"{&quot;hoteller_ext_link_sidemenu&quot;:&quot;false&quot;,&quot;hoteller_ext_link_fullmenu&quot;:&quot;false&quot;,&quot;hoteller_ext_link_closed_fullmenu&quot;:&quot;false&quot;,&quot;hoteller_ext_is_scrollme&quot;:&quot;false&quot;,&quot;hoteller_ext_is_smoove&quot;:&quot;false&quot;,&quot;hoteller_ext_is_parallax_mouse&quot;:&quot;false&quot;,&quot;hoteller_ext_is_infinite&quot;:&quot;false&quot;,&quot;hoteller_ext_is_fadeout_animation&quot;:&quot;false&quot;,&quot;hoteller_ext_mobile_static&quot;:&quot;false&quot;}\" data-widget_type=\"shortcode.default\">\n\t\t\t\t<div class=\"elementor-widget-container\">\n\t\t\t\t\t\t\t<div class=\"elementor-shortcode\"><\/div>\n\t\t\t\t\t\t<\/div>\n\t\t\t\t<\/div>\n\t\t\t\t\t<\/div>\n\t\t<\/div>\n\t\t\t\t\t<\/div>\n\t\t<\/section>\n\t\t\t\t<\/div>\n\t\t","protected":false},"excerpt":{"rendered":"<p>Escribir una rese\u00f1a sobre mi estad\u00eda en el Bounty Lodge. Lo que dicen nuestros hu\u00e9spedes<\/p>\n","protected":false},"author":1,"featured_media":0,"parent":0,"menu_order":0,"comment_status":"closed","ping_status":"closed","template":"","meta":{"footnotes":""},"class_list":["post-50702","page","type-page","status-publish","hentry"],"_links":{"self":[{"href":"https:\/\/bounty-lodge.com\/es\/wp-json\/wp\/v2\/pages\/50702","targetHints":{"allow":["GET"]}}],"collection":[{"href":"https:\/\/bounty-lodge.com\/es\/wp-json\/wp\/v2\/pages"}],"about":[{"href":"https:\/\/bounty-lodge.com\/es\/wp-json\/wp\/v2\/types\/page"}],"author":[{"embeddable":true,"href":"https:\/\/bounty-lodge.com\/es\/wp-json\/wp\/v2\/users\/1"}],"replies":[{"embeddable":true,"href":"https:\/\/bounty-lodge.com\/es\/wp-json\/wp\/v2\/comments?post=50702"}],"version-history":[{"count":0,"href":"https:\/\/bounty-lodge.com\/es\/wp-json\/wp\/v2\/pages\/50702\/revisions"}],"wp:attachment":[{"href":"https:\/\/bounty-lodge.com\/es\/wp-json\/wp\/v2\/media?parent=50702"}],"curies":[{"name":"wp","href":"https:\/\/api.w.org\/{rel}","templated":true}]}}